  {"id":152,"date":"2017-10-10T17:32:24","date_gmt":"2017-10-10T17:32:24","guid":{"rendered":"https:\/\/www.montclair.edu\/spanish-and-latino-studies\/?page_id=152"},"modified":"2018-09-20T10:18:43","modified_gmt":"2018-09-20T14:18:43","slug":"sigma-delta-pi","status":"publish","type":"page","link":"https:\/\/www.montclair.edu\/spanish-and-latino-studies\/student-organizations\/sigma-delta-pi\/","title":{"rendered":"Sigma Delta Pi"},"content":{"rendered":"<h2>Nuestra misi\u00f3n<\/h2>\n<p>Fomentar y enriquecer el uso de la lengua y de las pr\u00e1cticas culturales Hisp\u00e1nicas.<\/p>\n<h2>Our Mission<\/h2>\n<p>To promote and enrich the use of the Spanish language and Hispanic cultural practices.<\/p>\n<h2>Nuestros objetivos<\/h2>\n<ol>\n<li>Honorar a los que destacan en el estudio de la lengua espa\u00f1ola y en el estudio de la literatura y cultura del hispano-hablante.<\/li>\n<li>Honorar a los que han hecho contribuciones hisp\u00e1nicas en la cultura contempor\u00e1nea en los pa\u00edses de habla inglesa.<\/li>\n<li>Animar a los estudiantes universitarios para que se interesen y entiendan en profundidad la cultura hisp\u00e1nica.<\/li>\n<li>Fomentar amistad y respeto mutuo entre los pa\u00edses de habla hispana y los de habla inglesa.<\/li>\n<li>Servir a sus socios de modo que contribuyan todos a la realizaci\u00f3n de las metas e ideales de la sociedad.<\/li>\n<\/ol>\n<h2>Our Objectives<\/h2>\n<ol>\n<li>To honor those that excel in Spanish language, literature and cultural studies.<\/li>\n<li>To honor those that have made Hispanic contributions to the contemporary culture of English speaking countries.<\/li>\n<li>To promote in-depth learning and understanding of the Spanish language and culture by students and members of the community.<\/li>\n<li>To develop friendship and mutual respect between Spanish speaking and English speaking countries.<\/li>\n<li>To encourage all members of Sigma Delta Pi to contribute to the fulfillment of the goals and ideals set forth by the society.<\/li>\n<\/ol>\n<p>Haga clic <a rel=\"noopener\" href=\"https:\/\/sigmadeltapi.org\/\" target=\"_blank\">aqu\u00ed<\/a> para visitar el sitio del web nacional de Sigma Delta Pi \/ Click <a rel=\"noopener\" href=\"https:\/\/sigmadeltapi.org\/\" target=\"_blank\">here<\/a> to visit Sigma Delta Pi&#8217;s National website.<\/p>\n<p>The ÐÇ¿ÕÎÞÏÞ´«Ã½ chapter of Sigma Delta Pi, the Hispanic Honor Society, has been <strong>named for five consecutive years a Chapter of Honor<\/strong>. The extraordinary amount of extracurricular activities, community service programs, and extensive tutoring services provided to students by members of our local chapter were of key importance in the granting of this special award. In addition, members of the Executive Board of the local chapter, as well as the chapter\u2019s faculty advisor, have been awarded individual honors.<\/p>\n<p><strong>Faculty advisor for Sigma Delta Pi, Chapter Delta Chi<\/strong><\/p>\n<p>Contacts: <a href=\"http:\/\/www.montclair.edu\/profilepages\/view_profile.php?username=calarotaa\">Prof. Antonella Calarota-Ninman, Ph.D.<\/a><\/p>\n<p>Email: <a rel=\"noopener\" href=\"mailto:calarotaa@montclair.edu\">calarotaa@montclair.edu<\/a><\/p>\n","protected":false},"excerpt":{"rendered":"<p>Nuestra misi\u00f3n Fomentar y enriquecer el uso de la lengua y de las pr\u00e1cticas culturales Hisp\u00e1nicas. Our Mission To promote and enrich the use of the Spanish language and Hispanic cultural practices. Nuestros objetivos Honorar a los que destacan en el estudio de la lengua espa\u00f1ola y en el estudio de la literatura y cultura [&hellip;]<\/p>\n","protected":false},"author":28,"featured_media":334,"parent":17,"menu_order":1,"comment_status":"closed","ping_status":"closed","template":"","meta":{"inline_featured_image":false,"footnotes":""},"class_list":["post-152","page","type-page","status-publish","has-post-thumbnail","hentry"],"_links":{"self":[{"href":"https:\/\/www.montclair.edu\/spanish-and-latino-studies\/wp-json\/wp\/v2\/pages\/152","targetHints":{"allow":["GET"]}}],"collection":[{"href":"https:\/\/www.montclair.edu\/spanish-and-latino-studies\/wp-json\/wp\/v2\/pages"}],"about":[{"href":"https:\/\/www.montclair.edu\/spanish-and-latino-studies\/wp-json\/wp\/v2\/types\/page"}],"author":[{"embeddable":true,"href":"https:\/\/www.montclair.edu\/spanish-and-latino-studies\/wp-json\/wp\/v2\/users\/28"}],"replies":[{"embeddable":true,"href":"https:\/\/www.montclair.edu\/spanish-and-latino-studies\/wp-json\/wp\/v2\/comments?post=152"}],"version-history":[{"count":1,"href":"https:\/\/www.montclair.edu\/spanish-and-latino-studies\/wp-json\/wp\/v2\/pages\/152\/revisions"}],"predecessor-version":[{"id":525,"href":"https:\/\/www.montclair.edu\/spanish-and-latino-studies\/wp-json\/wp\/v2\/pages\/152\/revisions\/525"}],"up":[{"embeddable":true,"href":"https:\/\/www.montclair.edu\/spanish-and-latino-studies\/wp-json\/wp\/v2\/pages\/17"}],"wp:featuredmedia":[{"embeddable":true,"href":"https:\/\/www.montclair.edu\/spanish-and-latino-studies\/wp-json\/wp\/v2\/media\/334"}],"wp:attachment":[{"href":"https:\/\/www.montclair.edu\/spanish-and-latino-studies\/wp-json\/wp\/v2\/media?parent=152"}],"curies":[{"name":"wp","href":"https:\/\/api.w.org\/{rel}","templated":true}]}}